{"id":177,"date":"2018-09-16T07:02:49","date_gmt":"2018-09-16T07:02:49","guid":{"rendered":"http:\/\/www.parianeldongu.com\/about-our-business\/"},"modified":"2023-11-05T04:06:05","modified_gmt":"2023-11-05T10:06:05","slug":"about-our-business","status":"publish","type":"page","link":"https:\/\/www.parianeldongu.com\/","title":{"rendered":"INICIO"},"content":{"rendered":"\t\t<div data-elementor-type=\"wp-post\" data-elementor-id=\"177\" class=\"elementor elementor-177\">\n\t\t\t\t\t\t<section class=\"elementor-section elementor-top-section elementor-element elementor-element-86332fe elementor-section-boxed elementor-section-height-default elementor-section-height-default\" data-id=\"86332fe\" data-element_type=\"section\">\n\t\t\t\t\t\t<div class=\"elementor-container elementor-column-gap-default\">\n\t\t\t\t\t<div class=\"elementor-column elementor-col-100 elementor-top-column elementor-element elementor-element-9b9a8c5\" data-id=\"9b9a8c5\" data-element_type=\"column\">\n\t\t\t<div class=\"elementor-widget-wrap elementor-element-populated\">\n\t\t\t\t\t\t<div class=\"elementor-element elementor-element-9389a11 elementor-widget elementor-widget-video\" data-id=\"9389a11\" data-element_type=\"widget\" data-settings=\"{&quot;youtube_url&quot;:&quot;https:\\\/\\\/www.youtube.com\\\/watch?v=MUyoitTOY4o&quot;,&quot;autoplay&quot;:&quot;yes&quot;,&quot;video_type&quot;:&quot;youtube&quot;,&quot;controls&quot;:&quot;yes&quot;}\" data-widget_type=\"video.default\">\n\t\t\t\t<div class=\"elementor-widget-container\">\n\t\t\t\t\t\t\t<div class=\"elementor-wrapper elementor-open-inline\">\n\t\t\t<div class=\"elementor-video\"><\/div>\t\t<\/div>\n\t\t\t\t\t\t<\/div>\n\t\t\t\t<\/div>\n\t\t\t\t\t<\/div>\n\t\t<\/div>\n\t\t\t\t\t<\/div>\n\t\t<\/section>\n\t\t\t\t<section class=\"elementor-section elementor-top-section elementor-element elementor-element-coftvzj elementor-section-stretched elementor-section-boxed elementor-section-height-default elementor-section-height-default\" data-id=\"coftvzj\" data-element_type=\"section\" data-settings=\"{&quot;background_background&quot;:&quot;classic&quot;,&quot;stretch_section&quot;:&quot;section-stretched&quot;}\">\n\t\t\t\t\t\t<div class=\"elementor-container elementor-column-gap-no\">\n\t\t\t\t\t<div class=\"elementor-column elementor-col-100 elementor-top-column elementor-element elementor-element-eqoqkgy animated-slow elementor-invisible\" data-id=\"eqoqkgy\" data-element_type=\"column\" data-settings=\"{&quot;animation&quot;:&quot;bounce&quot;}\">\n\t\t\t<div class=\"elementor-widget-wrap elementor-element-populated\">\n\t\t\t\t\t\t<div class=\"elementor-element elementor-element-fulauhx elementor-widget elementor-widget-heading\" data-id=\"fulauhx\" data-element_type=\"widget\" data-widget_type=\"heading.default\">\n\t\t\t\t<div class=\"elementor-widget-container\">\n\t\t\t\t\t<h2 class=\"elementor-heading-title elementor-size-small\">CONCEPTO<\/h2>\t\t\t\t<\/div>\n\t\t\t\t<\/div>\n\t\t\t\t\t<\/div>\n\t\t<\/div>\n\t\t\t\t\t<\/div>\n\t\t<\/section>\n\t\t\t\t<section class=\"elementor-section elementor-top-section elementor-element elementor-element-39876a2 elementor-section-stretched elementor-section-boxed elementor-section-height-default elementor-section-height-default\" data-id=\"39876a2\" data-element_type=\"section\" data-settings=\"{&quot;stretch_section&quot;:&quot;section-stretched&quot;}\">\n\t\t\t\t\t\t<div class=\"elementor-container elementor-column-gap-default\">\n\t\t\t\t\t<div class=\"elementor-column elementor-col-100 elementor-top-column elementor-element elementor-element-fb4e2f5\" data-id=\"fb4e2f5\" data-element_type=\"column\">\n\t\t\t<div class=\"elementor-widget-wrap elementor-element-populated\">\n\t\t\t\t\t\t<div class=\"elementor-element elementor-element-ad74f01 animated-slow elementor-invisible elementor-widget elementor-widget-text-editor\" data-id=\"ad74f01\" data-element_type=\"widget\" data-settings=\"{&quot;_animation&quot;:&quot;zoomIn&quot;}\" data-widget_type=\"text-editor.default\">\n\t\t\t\t<div class=\"elementor-widget-container\">\n\t\t\t\t\t\t\t\t\t<p>\u00a0\u00a0 M\u00e1s de 25 a\u00f1os dejando huella en el paladar de nuestros comensales nos definen, somos una empresa dedicada a la conservaci\u00f3n de nuestras tradiciones por medio de la cocina tradicional mexicana; as\u00ed como en la organizaci\u00f3n de los mejores eventos y banquetes, nuestro compromiso es ofrecerle una grata estancia en nuestro incomparable lugar, ideal para celebrar y disfrutar con familiares, amigos y colegas, con una vista incomparable del Valle de Toluca.<\/p>\t\t\t\t\t\t\t\t<\/div>\n\t\t\t\t<\/div>\n\t\t\t\t\t<\/div>\n\t\t<\/div>\n\t\t\t\t\t<\/div>\n\t\t<\/section>\n\t\t\t\t<section class=\"elementor-section elementor-top-section elementor-element elementor-element-f6f1b14 elementor-section-boxed elementor-section-height-default elementor-section-height-default\" data-id=\"f6f1b14\" data-element_type=\"section\">\n\t\t\t\t\t\t<div class=\"elementor-container elementor-column-gap-default\">\n\t\t\t\t\t<div class=\"elementor-column elementor-col-100 elementor-top-column elementor-element elementor-element-32a2862\" data-id=\"32a2862\" data-element_type=\"column\">\n\t\t\t<div class=\"elementor-widget-wrap elementor-element-populated\">\n\t\t\t\t\t\t<div class=\"elementor-element elementor-element-15d7c11 elementor-widget elementor-widget-content_form_contact\" data-id=\"15d7c11\" data-element_type=\"widget\" data-widget_type=\"content_form_contact.default\">\n\t\t\t\t<div class=\"elementor-widget-container\">\n\t\t\t\t\t<form action=\"https:\/\/www.parianeldongu.com\/wp-admin\/admin-post.php\" method=\"post\" name=\"content-form-15d7c11\" id=\"content-form-15d7c11\" class=\"ti-cf-module content-form content-form-contact content_form_contact\"><input type=\"hidden\" id=\"_wpnonce_contact\" name=\"_wpnonce_contact\" value=\"a7b099b0dc\" \/><input type=\"hidden\" name=\"_wp_http_referer\" value=\"\/index.php?rest_route=%2Fwp%2Fv2%2Fpages%2F177\" \/><input type=\"hidden\" name=\"action\" value=\"content_form_submit\" \/><input type=\"hidden\" name=\"form-type\" value=\"contact\" \/><input type=\"hidden\" name=\"form-builder\" value=\"elementor\" \/><input type=\"hidden\" name=\"post-id\" value=\"177\" \/><input type=\"hidden\" name=\"form-id\" value=\"15d7c11\" \/><fieldset class=&quot;content-form-field-text elementor-column elementor-col-100&quot;><label for=\"data[15d7c11][name]\" >NOMBRE<span class=\"required-mark\"> *<\/span><\/label><input type=\"text\" name=\"data[15d7c11][name]\" id=\"data[15d7c11][name]\" required=required  placeholder=\"\"><\/fieldset><fieldset class=&quot;content-form-field-email elementor-column elementor-col-100&quot;><label for=\"data[15d7c11][email]\" >CORREO ELECTRONICO<span class=\"required-mark\"> *<\/span><\/label><input type=\"text\" name=\"data[15d7c11][email]\" id=\"data[15d7c11][email]\" required=required  placeholder=\"\"><\/fieldset><fieldset class=&quot;content-form-field-number elementor-column elementor-col-100&quot;><label for=\"data[15d7c11][phone]\" >NUMERO TELEFONICO<span class=\"required-mark\"> *<\/span><\/label><input type=\"text\" name=\"data[15d7c11][phone]\" id=\"data[15d7c11][phone]\" required=required  placeholder=\"\"><\/fieldset><fieldset class=&quot;content-form-field-textarea elementor-column elementor-col-100&quot;><label for=\"data[15d7c11][message]\" >MENSAJE<span class=\"required-mark\"> *<\/span><\/label><textarea name=\"data[15d7c11][message]\" id=\"data[15d7c11][message]\"  required=required placeholder=\"\" cols=\"30\" rows=\"5\"><\/textarea><\/fieldset><fieldset class=\"submit-form contact\"><button type=\"submit\" name=\"submit\"  value=\"submit-contact-15d7c11\" class=\"\">ENVIAR<\/button><\/fieldset><\/form>\t\t\t\t<\/div>\n\t\t\t\t<\/div>\n\t\t\t\t\t<\/div>\n\t\t<\/div>\n\t\t\t\t\t<\/div>\n\t\t<\/section>\n\t\t\t\t<section class=\"elementor-section elementor-top-section elementor-element elementor-element-08c77ac elementor-section-boxed elementor-section-height-default elementor-section-height-default\" data-id=\"08c77ac\" data-element_type=\"section\">\n\t\t\t\t\t\t<div class=\"elementor-container elementor-column-gap-default\">\n\t\t\t\t\t<div class=\"elementor-column elementor-col-100 elementor-top-column elementor-element elementor-element-3b5910d\" data-id=\"3b5910d\" data-element_type=\"column\">\n\t\t\t<div class=\"elementor-widget-wrap elementor-element-populated\">\n\t\t\t\t\t\t<div class=\"elementor-element elementor-element-93d16c3 elementor-widget elementor-widget-google_maps\" data-id=\"93d16c3\" data-element_type=\"widget\" data-widget_type=\"google_maps.default\">\n\t\t\t\t<div class=\"elementor-widget-container\">\n\t\t\t\t\t\t\t<div class=\"elementor-custom-embed\">\n\t\t\t<iframe loading=\"lazy\"\n\t\t\t\t\tsrc=\"https:\/\/maps.google.com\/maps?q=HACIENDA%20DEL%20PARIAN&#038;t=m&#038;z=15&#038;output=embed&#038;iwloc=near\"\n\t\t\t\t\ttitle=\"HACIENDA DEL PARIAN\"\n\t\t\t\t\taria-label=\"HACIENDA DEL PARIAN\"\n\t\t\t><\/iframe>\n\t\t<\/div>\n\t\t\t\t\t\t<\/div>\n\t\t\t\t<\/div>\n\t\t\t\t\t<\/div>\n\t\t<\/div>\n\t\t\t\t\t<\/div>\n\t\t<\/section>\n\t\t\t\t<\/div>\n\t\t","protected":false},"excerpt":{"rendered":"<p>CONCEPTO \u00a0\u00a0 M\u00e1s de 25 a\u00f1os dejando huella en el paladar de nuestros comensales nos&hellip;<\/p>\n","protected":false},"author":1,"featured_media":0,"parent":0,"menu_order":0,"comment_status":"closed","ping_status":"closed","template":"","meta":{"footnotes":""},"jetpack_sharing_enabled":true,"jetpack_shortlink":"https:\/\/wp.me\/PagbYn-2R","jetpack_likes_enabled":true,"_links":{"self":[{"href":"https:\/\/www.parianeldongu.com\/index.php?rest_route=\/wp\/v2\/pages\/177"}],"collection":[{"href":"https:\/\/www.parianeldongu.com\/index.php?rest_route=\/wp\/v2\/pages"}],"about":[{"href":"https:\/\/www.parianeldongu.com\/index.php?rest_route=\/wp\/v2\/types\/page"}],"author":[{"embeddable":true,"href":"https:\/\/www.parianeldongu.com\/index.php?rest_route=\/wp\/v2\/users\/1"}],"replies":[{"embeddable":true,"href":"https:\/\/www.parianeldongu.com\/index.php?rest_route=%2Fwp%2Fv2%2Fcomments&post=177"}],"version-history":[{"count":112,"href":"https:\/\/www.parianeldongu.com\/index.php?rest_route=\/wp\/v2\/pages\/177\/revisions"}],"predecessor-version":[{"id":879,"href":"https:\/\/www.parianeldongu.com\/index.php?rest_route=\/wp\/v2\/pages\/177\/revisions\/879"}],"wp:attachment":[{"href":"https:\/\/www.parianeldongu.com\/index.php?rest_route=%2Fwp%2Fv2%2Fmedia&parent=177"}],"curies":[{"name":"wp","href":"https:\/\/api.w.org\/{rel}","templated":true}]}}